{"id":1427,"date":"2025-03-09T08:04:31","date_gmt":"2025-03-09T08:04:31","guid":{"rendered":"https:\/\/campouting.com\/?post_type=product&#038;p=1427"},"modified":"2025-03-09T08:04:33","modified_gmt":"2025-03-09T08:04:33","slug":"grande-tente-exterieure-coupe-vent-ombre-solaire-fete-evenement-famille-tente-de-camping","status":"publish","type":"product","link":"https:\/\/campouting.com\/fr\/produit\/grande-tente-exterieure-coupe-vent-ombre-solaire-fete-evenement-famille-tente-de-camping\/","title":{"rendered":"Grande Tente d'Ext\u00e9rieur Brise-soleil Windproof Party Event Family Camping Tent"},"content":{"rendered":"<p><img fetchpriority=\"high\" decoding=\"async\" class=\"aligncenter wp-image-1430 size-full\" src=\"http:\/\/campouting.com\/wp-content\/uploads\/2025\/03\/\u8be6\u60c5_1_format_-1.webp\" alt=\"Grande Tente d&#039;Ext\u00e9rieur Brise-soleil Windproof Party Event Family Camping Tent\" width=\"750\" height=\"971\" srcset=\"https:\/\/campouting.com\/wp-content\/uploads\/2025\/03\/\u8be6\u60c5_1_format_-1.webp 750w, https:\/\/campouting.com\/wp-content\/uploads\/2025\/03\/\u8be6\u60c5_1_format_-1-232x300.webp 232w, https:\/\/campouting.com\/wp-content\/uploads\/2025\/03\/\u8be6\u60c5_1_format_-1-600x777.webp 600w\" sizes=\"(max-width: 750px) 100vw, 750px\" \/> <img decoding=\"async\" class=\"aligncenter wp-image-1431 size-full\" src=\"http:\/\/campouting.com\/wp-content\/uploads\/2025\/03\/\u8be6\u60c5_3_format_-1.webp\" alt=\"Grande Tente d&#039;Ext\u00e9rieur Brise-soleil Windproof Party Event Family Camping Tent\" width=\"750\" height=\"960\" srcset=\"https:\/\/campouting.com\/wp-content\/uploads\/2025\/03\/\u8be6\u60c5_3_format_-1.webp 750w, https:\/\/campouting.com\/wp-content\/uploads\/2025\/03\/\u8be6\u60c5_3_format_-1-234x300.webp 234w, https:\/\/campouting.com\/wp-content\/uploads\/2025\/03\/\u8be6\u60c5_3_format_-1-600x768.webp 600w\" sizes=\"(max-width: 750px) 100vw, 750px\" \/> <img decoding=\"async\" class=\"aligncenter wp-image-1432 size-full\" src=\"http:\/\/campouting.com\/wp-content\/uploads\/2025\/03\/\u8be6\u60c5_5_format_-1.webp\" alt=\"Grande Tente d&#039;Ext\u00e9rieur Brise-soleil Windproof Party Event Family Camping Tent\" width=\"750\" height=\"1177\" srcset=\"https:\/\/campouting.com\/wp-content\/uploads\/2025\/03\/\u8be6\u60c5_5_format_-1.webp 750w, https:\/\/campouting.com\/wp-content\/uploads\/2025\/03\/\u8be6\u60c5_5_format_-1-191x300.webp 191w, https:\/\/campouting.com\/wp-content\/uploads\/2025\/03\/\u8be6\u60c5_5_format_-1-653x1024.webp 653w, https:\/\/campouting.com\/wp-content\/uploads\/2025\/03\/\u8be6\u60c5_5_format_-1-600x942.webp 600w\" sizes=\"(max-width: 750px) 100vw, 750px\" \/> <img loading=\"lazy\" decoding=\"async\" class=\"aligncenter wp-image-1433 size-full\" src=\"http:\/\/campouting.com\/wp-content\/uploads\/2025\/03\/\u8be6\u60c5_7_format_-1.webp\" alt=\"Grande Tente d&#039;Ext\u00e9rieur Brise-soleil Windproof Party Event Family Camping Tent\" width=\"750\" height=\"1166\" srcset=\"https:\/\/campouting.com\/wp-content\/uploads\/2025\/03\/\u8be6\u60c5_7_format_-1.webp 750w, https:\/\/campouting.com\/wp-content\/uploads\/2025\/03\/\u8be6\u60c5_7_format_-1-193x300.webp 193w, https:\/\/campouting.com\/wp-content\/uploads\/2025\/03\/\u8be6\u60c5_7_format_-1-659x1024.webp 659w, https:\/\/campouting.com\/wp-content\/uploads\/2025\/03\/\u8be6\u60c5_7_format_-1-600x933.webp 600w\" sizes=\"(max-width: 750px) 100vw, 750px\" \/> <img loading=\"lazy\" decoding=\"async\" class=\"aligncenter wp-image-1434 size-full\" src=\"http:\/\/campouting.com\/wp-content\/uploads\/2025\/03\/\u8be6\u60c5_9_format_.webp\" alt=\"Grande Tente d&#039;Ext\u00e9rieur Brise-soleil Windproof Party Event Family Camping Tent\" width=\"750\" height=\"968\" srcset=\"https:\/\/campouting.com\/wp-content\/uploads\/2025\/03\/\u8be6\u60c5_9_format_.webp 750w, https:\/\/campouting.com\/wp-content\/uploads\/2025\/03\/\u8be6\u60c5_9_format_-232x300.webp 232w, https:\/\/campouting.com\/wp-content\/uploads\/2025\/03\/\u8be6\u60c5_9_format_-600x774.webp 600w\" sizes=\"(max-width: 750px) 100vw, 750px\" \/> <img loading=\"lazy\" decoding=\"async\" class=\"aligncenter wp-image-1435 size-full\" src=\"http:\/\/campouting.com\/wp-content\/uploads\/2025\/03\/\u8be6\u60c5_11_format_-1.webp\" alt=\"Grande Tente d&#039;Ext\u00e9rieur Brise-soleil Windproof Party Event Family Camping Tent\" width=\"750\" height=\"1008\" srcset=\"https:\/\/campouting.com\/wp-content\/uploads\/2025\/03\/\u8be6\u60c5_11_format_-1.webp 750w, https:\/\/campouting.com\/wp-content\/uploads\/2025\/03\/\u8be6\u60c5_11_format_-1-223x300.webp 223w, https:\/\/campouting.com\/wp-content\/uploads\/2025\/03\/\u8be6\u60c5_11_format_-1-600x806.webp 600w\" sizes=\"(max-width: 750px) 100vw, 750px\" \/> <img loading=\"lazy\" decoding=\"async\" class=\"aligncenter wp-image-1436 size-full\" src=\"http:\/\/campouting.com\/wp-content\/uploads\/2025\/03\/\u8be6\u60c5_13_format_-1.webp\" alt=\"Grande Tente d&#039;Ext\u00e9rieur Brise-soleil Windproof Party Event Family Camping Tent\" width=\"750\" height=\"613\" srcset=\"https:\/\/campouting.com\/wp-content\/uploads\/2025\/03\/\u8be6\u60c5_13_format_-1.webp 750w, https:\/\/campouting.com\/wp-content\/uploads\/2025\/03\/\u8be6\u60c5_13_format_-1-300x245.webp 300w, https:\/\/campouting.com\/wp-content\/uploads\/2025\/03\/\u8be6\u60c5_13_format_-1-600x490.webp 600w\" sizes=\"(max-width: 750px) 100vw, 750px\" \/> <img loading=\"lazy\" decoding=\"async\" class=\"aligncenter wp-image-1437 size-full\" src=\"http:\/\/campouting.com\/wp-content\/uploads\/2025\/03\/\u8be6\u60c5_15_format_.webp\" alt=\"Grande Tente d&#039;Ext\u00e9rieur Brise-soleil Windproof Party Event Family Camping Tent\" width=\"750\" height=\"830\" srcset=\"https:\/\/campouting.com\/wp-content\/uploads\/2025\/03\/\u8be6\u60c5_15_format_.webp 750w, https:\/\/campouting.com\/wp-content\/uploads\/2025\/03\/\u8be6\u60c5_15_format_-271x300.webp 271w, https:\/\/campouting.com\/wp-content\/uploads\/2025\/03\/\u8be6\u60c5_15_format_-600x664.webp 600w\" sizes=\"(max-width: 750px) 100vw, 750px\" \/> <img loading=\"lazy\" decoding=\"async\" class=\"aligncenter wp-image-1438 size-full\" src=\"http:\/\/campouting.com\/wp-content\/uploads\/2025\/03\/\u8be6\u60c5_17_format_.webp\" alt=\"Grande Tente d&#039;Ext\u00e9rieur Brise-soleil Windproof Party Event Family Camping Tent\" width=\"750\" height=\"1270\" srcset=\"https:\/\/campouting.com\/wp-content\/uploads\/2025\/03\/\u8be6\u60c5_17_format_.webp 750w, https:\/\/campouting.com\/wp-content\/uploads\/2025\/03\/\u8be6\u60c5_17_format_-177x300.webp 177w, https:\/\/campouting.com\/wp-content\/uploads\/2025\/03\/\u8be6\u60c5_17_format_-605x1024.webp 605w, https:\/\/campouting.com\/wp-content\/uploads\/2025\/03\/\u8be6\u60c5_17_format_-600x1016.webp 600w\" sizes=\"(max-width: 750px) 100vw, 750px\" \/> <img loading=\"lazy\" decoding=\"async\" class=\"aligncenter wp-image-1439 size-full\" src=\"http:\/\/campouting.com\/wp-content\/uploads\/2025\/03\/\u8be6\u60c5_19_format_.webp\" alt=\"Grande Tente d&#039;Ext\u00e9rieur Brise-soleil Windproof Party Event Family Camping Tent\" width=\"750\" height=\"1023\" srcset=\"https:\/\/campouting.com\/wp-content\/uploads\/2025\/03\/\u8be6\u60c5_19_format_.webp 750w, https:\/\/campouting.com\/wp-content\/uploads\/2025\/03\/\u8be6\u60c5_19_format_-220x300.webp 220w, https:\/\/campouting.com\/wp-content\/uploads\/2025\/03\/\u8be6\u60c5_19_format_-600x818.webp 600w\" sizes=\"(max-width: 750px) 100vw, 750px\" \/><\/p>","protected":false},"excerpt":{"rendered":"<p>Cette tente de camping est con\u00e7ue pour les amateurs de plein air \u00e0 la recherche d'un abri fiable et spacieux. Que vous pr\u00e9voyiez un voyage de camping en famille, une f\u00eate ou que vous ayez simplement besoin d'une ombre pour vos activit\u00e9s de plein air, cette tente est faite pour vous. Fabriqu\u00e9e en mat\u00e9riau Oxford durable, cette tente quatre saisons est coupe-vent et r\u00e9sistante \u00e0 l'eau, ce qui vous permet de rester en s\u00e9curit\u00e9 et au sec quelles que soient les conditions m\u00e9t\u00e9orologiques. Parfaite pour le camping en famille, les \u00e9v\u00e9nements en plein air et les aventures, cette grande tente d'ext\u00e9rieur est le choix id\u00e9al pour votre prochaine excursion en plein air.<\/p>","protected":false},"featured_media":1428,"comment_status":"open","ping_status":"closed","template":"","meta":{"site-sidebar-layout":"default","site-content-layout":"","ast-site-content-layout":"default","site-content-style":"default","site-sidebar-style":"default","ast-global-header-display":"","ast-banner-title-visibility":"","ast-main-header-display":"","ast-hfb-above-header-display":"","ast-hfb-below-header-display":"","ast-hfb-mobile-header-display":"","site-post-title":"","ast-breadcrumbs-content":"","ast-featured-img":"","footer-sml-layout":"","theme-transparent-header-meta":"default","adv-header-id-meta":"","stick-header-meta":"","header-above-stick-meta":"","header-main-stick-meta":"","header-below-stick-meta":"","astra-migrate-meta-layouts":"set","ast-page-background-enabled":"default","ast-page-background-meta":{"desktop":{"background-color":"var(--ast-global-color-4)","background-image":"","background-repeat":"repeat","background-position":"center center","background-size":"auto","background-attachment":"scroll","background-type":"","background-media":"","overlay-type":"","overlay-color":"","overlay-opacity":"","overlay-gradient":""},"tablet":{"background-color":"","background-image":"","background-repeat":"repeat","background-position":"center center","background-size":"auto","background-attachment":"scroll","background-type":"","background-media":"","overlay-type":"","overlay-color":"","overlay-opacity":"","overlay-gradient":""},"mobile":{"background-color":"","background-image":"","background-repeat":"repeat","background-position":"center center","background-size":"auto","background-attachment":"scroll","background-type":"","background-media":"","overlay-type":"","overlay-color":"","overlay-opacity":"","overlay-gradient":""}},"ast-content-background-meta":{"desktop":{"background-color":"var(--ast-global-color-5)","background-image":"","background-repeat":"repeat","background-position":"center center","background-size":"auto","background-attachment":"scroll","background-type":"","background-media":"","overlay-type":"","overlay-color":"","overlay-opacity":"","overlay-gradient":""},"tablet":{"background-color":"var(--ast-global-color-5)","background-image":"","background-repeat":"repeat","background-position":"center center","background-size":"auto","background-attachment":"scroll","background-type":"","background-media":"","overlay-type":"","overlay-color":"","overlay-opacity":"","overlay-gradient":""},"mobile":{"background-color":"var(--ast-global-color-5)","background-image":"","background-repeat":"repeat","background-position":"center center","background-size":"auto","background-attachment":"scroll","background-type":"","background-media":"","overlay-type":"","overlay-color":"","overlay-opacity":"","overlay-gradient":""}}},"product_brand":[],"product_cat":[25],"product_tag":[55,215,213,214],"class_list":{"0":"post-1427","1":"product","2":"type-product","3":"status-publish","4":"has-post-thumbnail","6":"product_cat-camping-tent","7":"product_tag-family-camping-tent","8":"product_tag-large-outdoor-tent","9":"product_tag-party-event","10":"product_tag-windproof-sun-shade","11":"desktop-align-left","12":"tablet-align-left","13":"mobile-align-left","15":"first","16":"instock","17":"shipping-taxable","18":"product-type-simple"},"_links":{"self":[{"href":"https:\/\/campouting.com\/fr\/wp-json\/wp\/v2\/product\/1427","targetHints":{"allow":["GET"]}}],"collection":[{"href":"https:\/\/campouting.com\/fr\/wp-json\/wp\/v2\/product"}],"about":[{"href":"https:\/\/campouting.com\/fr\/wp-json\/wp\/v2\/types\/product"}],"replies":[{"embeddable":true,"href":"https:\/\/campouting.com\/fr\/wp-json\/wp\/v2\/comments?post=1427"}],"wp:featuredmedia":[{"embeddable":true,"href":"https:\/\/campouting.com\/fr\/wp-json\/wp\/v2\/media\/1428"}],"wp:attachment":[{"href":"https:\/\/campouting.com\/fr\/wp-json\/wp\/v2\/media?parent=1427"}],"wp:term":[{"taxonomy":"product_brand","embeddable":true,"href":"https:\/\/campouting.com\/fr\/wp-json\/wp\/v2\/product_brand?post=1427"},{"taxonomy":"product_cat","embeddable":true,"href":"https:\/\/campouting.com\/fr\/wp-json\/wp\/v2\/product_cat?post=1427"},{"taxonomy":"product_tag","embeddable":true,"href":"https:\/\/campouting.com\/fr\/wp-json\/wp\/v2\/product_tag?post=1427"}],"curies":[{"name":"wp","href":"https:\/\/api.w.org\/{rel}","templated":true}]}}